{"id":52,"date":"2016-06-13T10:45:42","date_gmt":"2016-06-13T08:45:42","guid":{"rendered":"http:\/\/ardes-ji.cz\/?page_id=52"},"modified":"2025-03-12T19:28:10","modified_gmt":"2025-03-12T18:28:10","slug":"o-nas","status":"publish","type":"page","link":"https:\/\/ardes-ji.cz\/","title":{"rendered":"O n\u00e1s"},"content":{"rendered":"<h3 style=\"text-align: justify;\">Na\u0161e firma vznikla v roce 2007.\u00a0 Zab\u00fdv\u00e1me se poskytov\u00e1n\u00edm dopravn\u00edch slu\u017eeb\u00a0v oblasti stavebnictv\u00ed, prov\u00e1d\u00edme zemn\u00ed pr\u00e1ce a demolice a\u00a0zpracov\u00e1v\u00e1me stavebn\u00ed odpady.<\/h3>\n<h3 style=\"text-align: justify;\"><strong>Kvalita, spolehlivost, bezpe\u010dnost a \u010dasov\u00e1 flexibilita je na\u0161\u00ed prioritou.<\/strong><\/h3>\n","protected":false},"excerpt":{"rendered":"<p>Na\u0161e firma vznikla v roce 2007.\u00a0 Zab\u00fdv\u00e1me se poskytov\u00e1n\u00edm dopravn\u00edch slu\u017eeb\u00a0v oblasti stavebnictv\u00ed, prov\u00e1d\u00edme zemn\u00ed pr\u00e1ce a demolice a\u00a0zpracov\u00e1v\u00e1me stavebn\u00ed odpady. Kvalita, spolehlivost, bezpe\u010dnost a \u010dasov\u00e1 flexibilita je na\u0161\u00ed prioritou.<\/p>\n","protected":false},"author":1,"featured_media":0,"parent":0,"menu_order":0,"comment_status":"closed","ping_status":"open","template":"","meta":[],"_links":{"self":[{"href":"https:\/\/ardes-ji.cz\/index.php?rest_route=\/wp\/v2\/pages\/52"}],"collection":[{"href":"https:\/\/ardes-ji.cz\/index.php?rest_route=\/wp\/v2\/pages"}],"about":[{"href":"https:\/\/ardes-ji.cz\/index.php?rest_route=\/wp\/v2\/types\/page"}],"author":[{"embeddable":true,"href":"https:\/\/ardes-ji.cz\/index.php?rest_route=\/wp\/v2\/users\/1"}],"replies":[{"embeddable":true,"href":"https:\/\/ardes-ji.cz\/index.php?rest_route=%2Fwp%2Fv2%2Fcomments&post=52"}],"version-history":[{"count":17,"href":"https:\/\/ardes-ji.cz\/index.php?rest_route=\/wp\/v2\/pages\/52\/revisions"}],"predecessor-version":[{"id":215,"href":"https:\/\/ardes-ji.cz\/index.php?rest_route=\/wp\/v2\/pages\/52\/revisions\/215"}],"wp:attachment":[{"href":"https:\/\/ardes-ji.cz\/index.php?rest_route=%2Fwp%2Fv2%2Fmedia&parent=52"}],"curies":[{"name":"wp","href":"https:\/\/api.w.org\/{rel}","templated":true}]}}