{"id":44,"date":"2016-06-13T10:18:42","date_gmt":"2016-06-13T08:18:42","guid":{"rendered":"http:\/\/ardes-ji.cz\/?page_id=44"},"modified":"2025-03-12T19:20:29","modified_gmt":"2025-03-12T18:20:29","slug":"stavby","status":"publish","type":"page","link":"https:\/\/ardes-ji.cz\/?page_id=44","title":{"rendered":"Zemn\u00ed pr\u00e1ce"},"content":{"rendered":"<h4>Prov\u00e1d\u00edme ve\u0161ker\u00e9 zemn\u00ed pr\u00e1ce pro pozemn\u00ed, dopravn\u00ed a pr\u016fmyslov\u00e9 stavby v\u010detn\u011b realizace in\u017een\u00fdrsk\u00fdch s\u00edt\u00ed.<\/h4>\n<h4>D\u00e1le nab\u00edz\u00edme ter\u00e9nn\u00ed \u00fapravy rovinn\u00fdch i sva\u017eit\u00fdch ter\u00e9n\u016f.<\/h4>\n<p>&nbsp;<\/p>\n","protected":false},"excerpt":{"rendered":"<p>Prov\u00e1d\u00edme ve\u0161ker\u00e9 zemn\u00ed pr\u00e1ce pro pozemn\u00ed, dopravn\u00ed a pr\u016fmyslov\u00e9 stavby v\u010detn\u011b realizace in\u017een\u00fdrsk\u00fdch s\u00edt\u00ed. D\u00e1le nab\u00edz\u00edme ter\u00e9nn\u00ed \u00fapravy rovinn\u00fdch i sva\u017eit\u00fdch ter\u00e9n\u016f. &nbsp;<\/p>\n","protected":false},"author":1,"featured_media":0,"parent":0,"menu_order":0,"comment_status":"closed","ping_status":"open","template":"","meta":[],"_links":{"self":[{"href":"https:\/\/ardes-ji.cz\/index.php?rest_route=\/wp\/v2\/pages\/44"}],"collection":[{"href":"https:\/\/ardes-ji.cz\/index.php?rest_route=\/wp\/v2\/pages"}],"about":[{"href":"https:\/\/ardes-ji.cz\/index.php?rest_route=\/wp\/v2\/types\/page"}],"author":[{"embeddable":true,"href":"https:\/\/ardes-ji.cz\/index.php?rest_route=\/wp\/v2\/users\/1"}],"replies":[{"embeddable":true,"href":"https:\/\/ardes-ji.cz\/index.php?rest_route=%2Fwp%2Fv2%2Fcomments&post=44"}],"version-history":[{"count":12,"href":"https:\/\/ardes-ji.cz\/index.php?rest_route=\/wp\/v2\/pages\/44\/revisions"}],"predecessor-version":[{"id":206,"href":"https:\/\/ardes-ji.cz\/index.php?rest_route=\/wp\/v2\/pages\/44\/revisions\/206"}],"wp:attachment":[{"href":"https:\/\/ardes-ji.cz\/index.php?rest_route=%2Fwp%2Fv2%2Fmedia&parent=44"}],"curies":[{"name":"wp","href":"https:\/\/api.w.org\/{rel}","templated":true}]}}