{"id":2,"date":"2016-06-08T09:28:24","date_gmt":"2016-06-08T09:28:24","guid":{"rendered":"http:\/\/www.ardes-ji.cz\/?page_id=2"},"modified":"2025-03-12T19:23:25","modified_gmt":"2025-03-12T18:23:25","slug":"zkusebni-stranka","status":"publish","type":"page","link":"https:\/\/ardes-ji.cz\/?page_id=2","title":{"rendered":"Autodoprava"},"content":{"rendered":"<h5><strong>Zab\u00fdv\u00e1me se p\u0159ev\u00e1\u017en\u011b\u00a0dopravn\u00edmi slu\u017ebami ve stavebnictv\u00ed. <\/strong><\/h5>\n<h5><strong>P\u0159epravujeme:<\/strong><\/h5>\n<ul>\n<li>sypk\u00e9 materi\u00e1ly, p\u00edsky, kamenivo, recykl\u00e1ty<\/li>\n<li>hutn\u00ed materi\u00e1l, \u0159ezivo, betonov\u00e9 prefabrik\u00e1ty<\/li>\n<li>stavebn\u00ed stroje a za\u0159\u00edzen\u00ed, dopravn\u00ed techniku<\/li>\n<li>t\u011b\u017ek\u00e9 a nadm\u011brn\u00e9 n\u00e1klady<\/li>\n<\/ul>\n<h5>\u00a0Nab\u00eddka dopravn\u00edch prost\u0159edk\u016f:<\/h5>\n<ul>\n<li>SKL\u00c1P\u011a\u010cE\u00a0 6&#215;6, 8&#215;4<\/li>\n<li>KONTEJNEROV\u00c1 VOZIDLA s celkovou hmotnost\u00ed\u00a0 10-26 t<\/li>\n<li>VALN\u00cdKOV\u00c1 VOZIDLA s celkovou hmotnost\u00ed\u00a0 12-26 t<\/li>\n<li>N\u00c1V\u011aSOV\u00c9 SKL\u00c1P\u011aC\u00cd SOUPRAVY<\/li>\n<li>N\u00c1V\u011aSOV\u00c9 VALN\u00cdKOV\u00c9 SOUPRAVY<\/li>\n<li>N\u00c1V\u011aSOV\u00c9 PODVALN\u00cdKOV\u00c9 SOUPRAVY\u00a0 do 14 m lo\u017en\u00e9 plochy a 38 t u\u017eite\u010dn\u00e9 hmotnosti<\/li>\n<li>N\u00c1V\u011aSOV\u00c9 ROZTAHOVAC\u00cd VALN\u00cdKY\u00a0 do 22 m lo\u017en\u00e9 plochy a 36 t u\u017eite\u010dn\u00e9 hmotnosti<\/li>\n<li>DOPROVODN\u00c1 VOZIDLA pro nadm\u011brnou p\u0159epravu<\/li>\n<\/ul>\n<h5><\/h5>\n<h5><\/h5>\n<h5><span style=\"color: #000000; font-family: Times New Roman;\">\u00a0<\/span><\/h5>\n<h5><\/h5>\n<h5><strong>\u00a0<\/strong><\/h5>\n<h5><\/h5>\n<h5><\/h5>\n<h5><\/h5>\n<h5><\/h5>\n<h5><\/h5>\n<h5><\/h5>\n","protected":false},"excerpt":{"rendered":"<p>Zab\u00fdv\u00e1me se p\u0159ev\u00e1\u017en\u011b\u00a0dopravn\u00edmi slu\u017ebami ve stavebnictv\u00ed. P\u0159epravujeme: sypk\u00e9 materi\u00e1ly, p\u00edsky, kamenivo, recykl\u00e1ty hutn\u00ed materi\u00e1l, \u0159ezivo, betonov\u00e9 prefabrik\u00e1ty stavebn\u00ed stroje a za\u0159\u00edzen\u00ed, dopravn\u00ed techniku t\u011b\u017ek\u00e9 a nadm\u011brn\u00e9 n\u00e1klady \u00a0Nab\u00eddka dopravn\u00edch prost\u0159edk\u016f: SKL\u00c1P\u011a\u010cE\u00a0 6&#215;6,<a class=\"moretag\" href=\"https:\/\/ardes-ji.cz\/?page_id=2\">Read More&#8230;<\/a><\/p>\n","protected":false},"author":1,"featured_media":0,"parent":0,"menu_order":0,"comment_status":"closed","ping_status":"open","template":"page-sidebar.php","meta":[],"_links":{"self":[{"href":"https:\/\/ardes-ji.cz\/index.php?rest_route=\/wp\/v2\/pages\/2"}],"collection":[{"href":"https:\/\/ardes-ji.cz\/index.php?rest_route=\/wp\/v2\/pages"}],"about":[{"href":"https:\/\/ardes-ji.cz\/index.php?rest_route=\/wp\/v2\/types\/page"}],"author":[{"embeddable":true,"href":"https:\/\/ardes-ji.cz\/index.php?rest_route=\/wp\/v2\/users\/1"}],"replies":[{"embeddable":true,"href":"https:\/\/ardes-ji.cz\/index.php?rest_route=%2Fwp%2Fv2%2Fcomments&post=2"}],"version-history":[{"count":20,"href":"https:\/\/ardes-ji.cz\/index.php?rest_route=\/wp\/v2\/pages\/2\/revisions"}],"predecessor-version":[{"id":209,"href":"https:\/\/ardes-ji.cz\/index.php?rest_route=\/wp\/v2\/pages\/2\/revisions\/209"}],"wp:attachment":[{"href":"https:\/\/ardes-ji.cz\/index.php?rest_route=%2Fwp%2Fv2%2Fmedia&parent=2"}],"curies":[{"name":"wp","href":"https:\/\/api.w.org\/{rel}","templated":true}]}}