{"id":17,"date":"2016-06-08T15:08:06","date_gmt":"2016-06-08T13:08:06","guid":{"rendered":"http:\/\/ardes-ji.cz\/?page_id=17"},"modified":"2025-03-12T19:24:52","modified_gmt":"2025-03-12T18:24:52","slug":"kontakt","status":"publish","type":"page","link":"https:\/\/ardes-ji.cz\/?page_id=17","title":{"rendered":"Kontakt"},"content":{"rendered":"<h5>Ardes s.r.o.<br \/>\nP\u00e1vovsk\u00e1 62, 586 01 Jihlava<br \/>\nI\u010cO:27739911, DI\u010c:CZ27739911<\/h5>\n<p><strong>Kontaktn\u00ed osoby:<\/strong><strong><strong><br \/>\n<strong>Jan Stodolovsk\u00fd <\/strong><br \/>\nTelefon: 603 321 666<br \/>\nE-mail: jan.stodolovsky@ardes-ji.cz<\/strong><\/strong><\/p>\n<p><strong>Mgr. Radek Havl\u00edn <\/strong><br \/>\n<strong> Telefon: 777 284 117<\/strong><br \/>\n<strong> E-mail: radek.havlin@ardes-ji.cz<\/strong><\/p>\n<p><strong>Mgr. Ingrid Stodolovsk\u00e1 <\/strong><br \/>\n<strong> Telefon: 737 886 634<\/strong><br \/>\n<strong> E-mail: ingrid.stodolovska@ardes-ji.cz<\/strong><\/p>\n<p>&nbsp;<\/p>\n<p><iframe loading=\"lazy\" style=\"border: 0px currentColor;\" src=\"https:\/\/www.google.com\/maps\/embed?pb=!1m18!1m12!1m3!1d2594.907130393315!2d15.599311163868796!3d49.429569755135574!2m3!1f0!2f0!3f0!3m2!1i1024!2i768!4f13.1!3m3!1m2!1s0x470d1a94c7d1f089%3A0x5e4c2ce3a9d0063e!2sP%C3%A1vovsk%C3%A1+62%2C+586+01+Jihlava!5e0!3m2!1scs!2scz!4v1468230036079\" width=\"600\" height=\"450\" frameborder=\"0\" allowfullscreen=\"allowfullscreen\"><\/iframe><\/p>\n","protected":false},"excerpt":{"rendered":"<p>Ardes s.r.o. P\u00e1vovsk\u00e1 62, 586 01 Jihlava I\u010cO:27739911, DI\u010c:CZ27739911 Kontaktn\u00ed osoby: Jan Stodolovsk\u00fd Telefon: 603 321 666 E-mail: jan.stodolovsky@ardes-ji.cz Mgr. Radek Havl\u00edn Telefon: 777 284 117 E-mail: radek.havlin@ardes-ji.cz Mgr. Ingrid Stodolovsk\u00e1 Telefon:<a class=\"moretag\" href=\"https:\/\/ardes-ji.cz\/?page_id=17\">Read More&#8230;<\/a><\/p>\n","protected":false},"author":1,"featured_media":0,"parent":0,"menu_order":0,"comment_status":"closed","ping_status":"open","template":"","meta":[],"_links":{"self":[{"href":"https:\/\/ardes-ji.cz\/index.php?rest_route=\/wp\/v2\/pages\/17"}],"collection":[{"href":"https:\/\/ardes-ji.cz\/index.php?rest_route=\/wp\/v2\/pages"}],"about":[{"href":"https:\/\/ardes-ji.cz\/index.php?rest_route=\/wp\/v2\/types\/page"}],"author":[{"embeddable":true,"href":"https:\/\/ardes-ji.cz\/index.php?rest_route=\/wp\/v2\/users\/1"}],"replies":[{"embeddable":true,"href":"https:\/\/ardes-ji.cz\/index.php?rest_route=%2Fwp%2Fv2%2Fcomments&post=17"}],"version-history":[{"count":24,"href":"https:\/\/ardes-ji.cz\/index.php?rest_route=\/wp\/v2\/pages\/17\/revisions"}],"predecessor-version":[{"id":213,"href":"https:\/\/ardes-ji.cz\/index.php?rest_route=\/wp\/v2\/pages\/17\/revisions\/213"}],"wp:attachment":[{"href":"https:\/\/ardes-ji.cz\/index.php?rest_route=%2Fwp%2Fv2%2Fmedia&parent=17"}],"curies":[{"name":"wp","href":"https:\/\/api.w.org\/{rel}","templated":true}]}}