{"id":163,"date":"2018-08-21T22:32:47","date_gmt":"2018-08-21T20:32:47","guid":{"rendered":"http:\/\/ardes-ji.cz\/?page_id=163"},"modified":"2025-03-12T19:23:50","modified_gmt":"2025-03-12T18:23:50","slug":"mechanizace","status":"publish","type":"page","link":"https:\/\/ardes-ji.cz\/?page_id=163","title":{"rendered":"Mechanizace"},"content":{"rendered":"<h5>Nab\u00eddka stavebn\u00ed mechanizace:<\/h5>\n<ul>\n<li>P\u00c1SOV\u00c1 RYPADLA A MINIRYPADLA\u00a0 3,5 &#8211; 26 t<\/li>\n<li>KOLOV\u00c9, P\u00c1SOV\u00c9, SMYKOV\u00c9 NAKLADA\u010cE\u00a0 3,5 &#8211; 22 t<\/li>\n<li>VIBRA\u010cN\u00cd V\u00c1LCE\u00a0 1,5 &#8211; 17 t<\/li>\n<li>GREJDR S NIVELAC\u00cd<\/li>\n<li>MOBILN\u00cd \u010cELIS\u0164OV\u00dd DRTI\u010c\u00a0 37 t<\/li>\n<li>DROBN\u00c1 MECHANIZACE<\/li>\n<\/ul>\n<p>&nbsp;<\/p>\n","protected":false},"excerpt":{"rendered":"<p>Nab\u00eddka stavebn\u00ed mechanizace: P\u00c1SOV\u00c1 RYPADLA A MINIRYPADLA\u00a0 3,5 &#8211; 26 t KOLOV\u00c9, P\u00c1SOV\u00c9, SMYKOV\u00c9 NAKLADA\u010cE\u00a0 3,5 &#8211; 22 t VIBRA\u010cN\u00cd V\u00c1LCE\u00a0 1,5 &#8211; 17 t GREJDR S NIVELAC\u00cd MOBILN\u00cd \u010cELIS\u0164OV\u00dd DRTI\u010c\u00a0 37<a class=\"moretag\" href=\"https:\/\/ardes-ji.cz\/?page_id=163\">Read More&#8230;<\/a><\/p>\n","protected":false},"author":1,"featured_media":0,"parent":0,"menu_order":0,"comment_status":"closed","ping_status":"closed","template":"","meta":[],"_links":{"self":[{"href":"https:\/\/ardes-ji.cz\/index.php?rest_route=\/wp\/v2\/pages\/163"}],"collection":[{"href":"https:\/\/ardes-ji.cz\/index.php?rest_route=\/wp\/v2\/pages"}],"about":[{"href":"https:\/\/ardes-ji.cz\/index.php?rest_route=\/wp\/v2\/types\/page"}],"author":[{"embeddable":true,"href":"https:\/\/ardes-ji.cz\/index.php?rest_route=\/wp\/v2\/users\/1"}],"replies":[{"embeddable":true,"href":"https:\/\/ardes-ji.cz\/index.php?rest_route=%2Fwp%2Fv2%2Fcomments&post=163"}],"version-history":[{"count":4,"href":"https:\/\/ardes-ji.cz\/index.php?rest_route=\/wp\/v2\/pages\/163\/revisions"}],"predecessor-version":[{"id":210,"href":"https:\/\/ardes-ji.cz\/index.php?rest_route=\/wp\/v2\/pages\/163\/revisions\/210"}],"wp:attachment":[{"href":"https:\/\/ardes-ji.cz\/index.php?rest_route=%2Fwp%2Fv2%2Fmedia&parent=163"}],"curies":[{"name":"wp","href":"https:\/\/api.w.org\/{rel}","templated":true}]}}